{"id":313,"date":"2022-08-11T08:20:59","date_gmt":"2022-08-11T11:20:59","guid":{"rendered":"http:\/\/informatizaweb10.com.br\/arquimedesmg\/?page_id=313"},"modified":"2022-08-11T08:20:59","modified_gmt":"2022-08-11T11:20:59","slug":"servicos","status":"publish","type":"page","link":"https:\/\/www.arquimedesmg.com.br\/novo\/servicos\/","title":{"rendered":"Servi\u00e7os"},"content":{"rendered":"","protected":false},"excerpt":{"rendered":"","protected":false},"author":1,"featured_media":0,"parent":0,"menu_order":0,"comment_status":"closed","ping_status":"closed","template":"","meta":[],"acf":[],"yoast_head":"<!-- This site is optimized with the Yoast SEO plugin v20.5 - https:\/\/yoast.com\/wordpress\/plugins\/seo\/ -->\n<title>Servi\u00e7os - Arquimedes<\/title>\n<meta name=\"robots\" content=\"index, follow, max-snippet:-1, max-image-preview:large, max-video-preview:-1\" \/>\n<link rel=\"canonical\" href=\"https:\/\/www.arquimedesmg.com.br\/novo\/servicos\/\" \/>\n<meta property=\"og:locale\" content=\"pt_BR\" \/>\n<meta property=\"og:type\" content=\"article\" \/>\n<meta property=\"og:title\" content=\"Servi\u00e7os - Arquimedes\" \/>\n<meta property=\"og:url\" content=\"https:\/\/www.arquimedesmg.com.br\/novo\/servicos\/\" \/>\n<meta property=\"og:site_name\" content=\"Arquimedes\" \/>\n<meta name=\"twitter:card\" content=\"summary_large_image\" \/>\n<script type=\"application\/ld+json\" class=\"yoast-schema-graph\">{\"@context\":\"https:\/\/schema.org\",\"@graph\":[{\"@type\":\"WebPage\",\"@id\":\"https:\/\/www.arquimedesmg.com.br\/novo\/servicos\/\",\"url\":\"https:\/\/www.arquimedesmg.com.br\/novo\/servicos\/\",\"name\":\"Servi\u00e7os - Arquimedes\",\"isPartOf\":{\"@id\":\"https:\/\/www.arquimedesmg.com.br\/novo\/#website\"},\"datePublished\":\"2022-08-11T11:20:59+00:00\",\"dateModified\":\"2022-08-11T11:20:59+00:00\",\"breadcrumb\":{\"@id\":\"https:\/\/www.arquimedesmg.com.br\/novo\/servicos\/#breadcrumb\"},\"inLanguage\":\"pt-BR\",\"potentialAction\":[{\"@type\":\"ReadAction\",\"target\":[\"https:\/\/www.arquimedesmg.com.br\/novo\/servicos\/\"]}]},{\"@type\":\"BreadcrumbList\",\"@id\":\"https:\/\/www.arquimedesmg.com.br\/novo\/servicos\/#breadcrumb\",\"itemListElement\":[{\"@type\":\"ListItem\",\"position\":1,\"name\":\"In\u00edcio\",\"item\":\"https:\/\/www.arquimedesmg.com.br\/novo\/\"},{\"@type\":\"ListItem\",\"position\":2,\"name\":\"Servi\u00e7os\"}]},{\"@type\":\"WebSite\",\"@id\":\"https:\/\/www.arquimedesmg.com.br\/novo\/#website\",\"url\":\"https:\/\/www.arquimedesmg.com.br\/novo\/\",\"name\":\"Arquimedes\",\"description\":\"Automa\u00e7\u00e3o &amp; Inform\u00e1tica\",\"publisher\":{\"@id\":\"https:\/\/www.arquimedesmg.com.br\/novo\/#organization\"},\"potentialAction\":[{\"@type\":\"SearchAction\",\"target\":{\"@type\":\"EntryPoint\",\"urlTemplate\":\"https:\/\/www.arquimedesmg.com.br\/novo\/?s={search_term_string}\"},\"query-input\":\"required name=search_term_string\"}],\"inLanguage\":\"pt-BR\"},{\"@type\":\"Organization\",\"@id\":\"https:\/\/www.arquimedesmg.com.br\/novo\/#organization\",\"name\":\"Arquimedes MG \u2013 Automa\u00e7\u00e3o e inform\u00e1tica\",\"url\":\"https:\/\/www.arquimedesmg.com.br\/novo\/\",\"logo\":{\"@type\":\"ImageObject\",\"inLanguage\":\"pt-BR\",\"@id\":\"https:\/\/www.arquimedesmg.com.br\/novo\/#\/schema\/logo\/image\/\",\"url\":\"https:\/\/www.arquimedesmg.com.br\/novo\/wp-content\/uploads\/2022\/05\/logo-1.png\",\"contentUrl\":\"https:\/\/www.arquimedesmg.com.br\/novo\/wp-content\/uploads\/2022\/05\/logo-1.png\",\"width\":300,\"height\":329,\"caption\":\"Arquimedes MG \u2013 Automa\u00e7\u00e3o e inform\u00e1tica\"},\"image\":{\"@id\":\"https:\/\/www.arquimedesmg.com.br\/novo\/#\/schema\/logo\/image\/\"}}]}<\/script>\n<!-- \/ Yoast SEO plugin. -->","yoast_head_json":{"title":"Servi\u00e7os - Arquimedes","robots":{"index":"index","follow":"follow","max-snippet":"max-snippet:-1","max-image-preview":"max-image-preview:large","max-video-preview":"max-video-preview:-1"},"canonical":"https:\/\/www.arquimedesmg.com.br\/novo\/servicos\/","og_locale":"pt_BR","og_type":"article","og_title":"Servi\u00e7os - Arquimedes","og_url":"https:\/\/www.arquimedesmg.com.br\/novo\/servicos\/","og_site_name":"Arquimedes","twitter_card":"summary_large_image","schema":{"@context":"https:\/\/schema.org","@graph":[{"@type":"WebPage","@id":"https:\/\/www.arquimedesmg.com.br\/novo\/servicos\/","url":"https:\/\/www.arquimedesmg.com.br\/novo\/servicos\/","name":"Servi\u00e7os - Arquimedes","isPartOf":{"@id":"https:\/\/www.arquimedesmg.com.br\/novo\/#website"},"datePublished":"2022-08-11T11:20:59+00:00","dateModified":"2022-08-11T11:20:59+00:00","breadcrumb":{"@id":"https:\/\/www.arquimedesmg.com.br\/novo\/servicos\/#breadcrumb"},"inLanguage":"pt-BR","potentialAction":[{"@type":"ReadAction","target":["https:\/\/www.arquimedesmg.com.br\/novo\/servicos\/"]}]},{"@type":"BreadcrumbList","@id":"https:\/\/www.arquimedesmg.com.br\/novo\/servicos\/#breadcrumb","itemListElement":[{"@type":"ListItem","position":1,"name":"In\u00edcio","item":"https:\/\/www.arquimedesmg.com.br\/novo\/"},{"@type":"ListItem","position":2,"name":"Servi\u00e7os"}]},{"@type":"WebSite","@id":"https:\/\/www.arquimedesmg.com.br\/novo\/#website","url":"https:\/\/www.arquimedesmg.com.br\/novo\/","name":"Arquimedes","description":"Automa\u00e7\u00e3o &amp; Inform\u00e1tica","publisher":{"@id":"https:\/\/www.arquimedesmg.com.br\/novo\/#organization"},"potentialAction":[{"@type":"SearchAction","target":{"@type":"EntryPoint","urlTemplate":"https:\/\/www.arquimedesmg.com.br\/novo\/?s={search_term_string}"},"query-input":"required name=search_term_string"}],"inLanguage":"pt-BR"},{"@type":"Organization","@id":"https:\/\/www.arquimedesmg.com.br\/novo\/#organization","name":"Arquimedes MG \u2013 Automa\u00e7\u00e3o e inform\u00e1tica","url":"https:\/\/www.arquimedesmg.com.br\/novo\/","logo":{"@type":"ImageObject","inLanguage":"pt-BR","@id":"https:\/\/www.arquimedesmg.com.br\/novo\/#\/schema\/logo\/image\/","url":"https:\/\/www.arquimedesmg.com.br\/novo\/wp-content\/uploads\/2022\/05\/logo-1.png","contentUrl":"https:\/\/www.arquimedesmg.com.br\/novo\/wp-content\/uploads\/2022\/05\/logo-1.png","width":300,"height":329,"caption":"Arquimedes MG \u2013 Automa\u00e7\u00e3o e inform\u00e1tica"},"image":{"@id":"https:\/\/www.arquimedesmg.com.br\/novo\/#\/schema\/logo\/image\/"}}]}},"_links":{"self":[{"href":"https:\/\/www.arquimedesmg.com.br\/novo\/wp-json\/wp\/v2\/pages\/313"}],"collection":[{"href":"https:\/\/www.arquimedesmg.com.br\/novo\/wp-json\/wp\/v2\/pages"}],"about":[{"href":"https:\/\/www.arquimedesmg.com.br\/novo\/wp-json\/wp\/v2\/types\/page"}],"author":[{"embeddable":true,"href":"https:\/\/www.arquimedesmg.com.br\/novo\/wp-json\/wp\/v2\/users\/1"}],"replies":[{"embeddable":true,"href":"https:\/\/www.arquimedesmg.com.br\/novo\/wp-json\/wp\/v2\/comments?post=313"}],"version-history":[{"count":1,"href":"https:\/\/www.arquimedesmg.com.br\/novo\/wp-json\/wp\/v2\/pages\/313\/revisions"}],"predecessor-version":[{"id":314,"href":"https:\/\/www.arquimedesmg.com.br\/novo\/wp-json\/wp\/v2\/pages\/313\/revisions\/314"}],"wp:attachment":[{"href":"https:\/\/www.arquimedesmg.com.br\/novo\/wp-json\/wp\/v2\/media?parent=313"}],"curies":[{"name":"wp","href":"https:\/\/api.w.org\/{rel}","templated":true}]}}