{"id":74,"date":"2022-08-10T11:45:22","date_gmt":"2022-08-10T14:45:22","guid":{"rendered":"http:\/\/informatizaweb10.com.br\/arquimedesmg\/?page_id=74"},"modified":"2022-08-23T17:21:49","modified_gmt":"2022-08-23T20:21:49","slug":"setor-publico","status":"publish","type":"page","link":"https:\/\/www.arquimedesmg.com.br\/novo\/setor-publico\/","title":{"rendered":"Setor p\u00fablico"},"content":{"rendered":"\t\t<div data-elementor-type=\"wp-page\" data-elementor-id=\"74\" class=\"elementor elementor-74\">\n\t\t\t\t\t\t<div class=\"elementor-inner\">\n\t\t\t\t<div class=\"elementor-section-wrap\">\n\t\t\t\t\t\t\t\t\t<section class=\"has_ae_slider elementor-section elementor-top-section elementor-element elementor-element-4462b18 elementor-section-full_width elementor-section-height-default elementor-section-height-default ae-bg-gallery-type-default\" data-id=\"4462b18\" data-element_type=\"section\">\n\t\t\t\t\t\t<div class=\"elementor-container elementor-column-gap-no\">\n\t\t\t\t\t\t\t<div class=\"elementor-row\">\n\t\t\t\t\t<div class=\"has_ae_slider elementor-column elementor-col-100 elementor-top-column elementor-element elementor-element-0aa00fa ae-bg-gallery-type-default\" data-id=\"0aa00fa\" data-element_type=\"column\">\n\t\t\t<div class=\"elementor-column-wrap elementor-element-populated\">\n\t\t\t\t\t\t\t<div class=\"elementor-widget-wrap\">\n\t\t\t\t\t\t<div class=\"elementor-element elementor-element-5dac382 elementor-widget elementor-widget-template\" data-id=\"5dac382\" data-element_type=\"widget\" data-widget_type=\"template.default\">\n\t\t\t\t<div class=\"elementor-widget-container\">\n\t\t\t\t\t<div class=\"elementor-template\">\n\t\t\t\t\t<div data-elementor-type=\"section\" data-elementor-id=\"330\" class=\"elementor elementor-330\">\n\t\t\t\t\t<div class=\"elementor-section-wrap\">\n\t\t\t\t\t\t\t\t<section class=\"has_ae_slider elementor-section elementor-top-section elementor-element elementor-element-74a7c11 elementor-section-full_width elementor-section-content-middle elementor-section-height-default elementor-section-height-default ae-bg-gallery-type-default\" data-dce-background-image-url=\"https:\/\/www.arquimedesmg.com.br\/novo\/wp-content\/uploads\/2022\/08\/topo.jpg\" data-id=\"74a7c11\" data-element_type=\"section\" data-settings=\"{&quot;background_background&quot;:&quot;classic&quot;}\">\n\t\t\t\t\t\t<div class=\"elementor-container elementor-column-gap-default\">\n\t\t\t\t\t\t\t<div class=\"elementor-row\">\n\t\t\t\t\t<div class=\"has_ae_slider elementor-column elementor-col-50 elementor-top-column elementor-element elementor-element-48bd193 ae-bg-gallery-type-default\" data-id=\"48bd193\" data-element_type=\"column\">\n\t\t\t<div class=\"elementor-column-wrap elementor-element-populated\">\n\t\t\t\t\t\t\t<div class=\"elementor-widget-wrap\">\n\t\t\t\t\t\t<div class=\"elementor-element elementor-element-2a3ffab elementor-widget elementor-widget-heading\" data-id=\"2a3ffab\" data-element_type=\"widget\" data-widget_type=\"heading.default\">\n\t\t\t\t<div class=\"elementor-widget-container\">\n\t\t\t<h2 class=\"elementor-heading-title elementor-size-default\">Setor p\u00fablico<\/h2>\t\t<\/div>\n\t\t\t\t<\/div>\n\t\t\t\t<div class=\"elementor-element elementor-element-49584ba elementor-widget elementor-widget-breadcrumbs\" data-id=\"49584ba\" data-element_type=\"widget\" data-widget_type=\"breadcrumbs.default\">\n\t\t\t\t<div class=\"elementor-widget-container\">\n\t\t\t<p id=\"breadcrumbs\"><span><span><a href=\"https:\/\/www.arquimedesmg.com.br\/novo\/\">In\u00edcio<\/a><\/span><\/span><\/p>\t\t<\/div>\n\t\t\t\t<\/div>\n\t\t\t\t\t\t<\/div>\n\t\t\t\t\t<\/div>\n\t\t<\/div>\n\t\t\t\t<div class=\"has_ae_slider elementor-column elementor-col-50 elementor-top-column elementor-element elementor-element-bde45c3 ae-bg-gallery-type-default\" data-id=\"bde45c3\" data-element_type=\"column\">\n\t\t\t<div class=\"elementor-column-wrap\">\n\t\t\t\t\t\t\t<div class=\"elementor-widget-wrap\">\n\t\t\t\t\t\t\t\t<\/div>\n\t\t\t\t\t<\/div>\n\t\t<\/div>\n\t\t\t\t\t\t\t\t<\/div>\n\t\t\t\t\t<\/div>\n\t\t<\/section>\n\t\t\t\t\t\t\t<\/div>\n\t\t\t\t<\/div>\n\t\t\t\t<\/div>\n\t\t\t\t<\/div>\n\t\t\t\t<\/div>\n\t\t\t\t\t\t<\/div>\n\t\t\t\t\t<\/div>\n\t\t<\/div>\n\t\t\t\t\t\t\t\t<\/div>\n\t\t\t\t\t<\/div>\n\t\t<\/section>\n\t\t\t\t<section class=\"has_ae_slider elementor-section elementor-top-section elementor-element elementor-element-8baa355 elementor-section-boxed elementor-section-height-default elementor-section-height-default ae-bg-gallery-type-default\" data-id=\"8baa355\" data-element_type=\"section\">\n\t\t\t\t\t\t<div class=\"elementor-container elementor-column-gap-extended\">\n\t\t\t\t\t\t\t<div class=\"elementor-row\">\n\t\t\t\t\t<div class=\"has_ae_slider elementor-column elementor-col-33 elementor-top-column elementor-element elementor-element-84cf347 ae-bg-gallery-type-default\" data-id=\"84cf347\" data-element_type=\"column\">\n\t\t\t<div class=\"elementor-column-wrap elementor-element-populated\">\n\t\t\t\t\t\t\t<div class=\"elementor-widget-wrap\">\n\t\t\t\t\t\t<div class=\"elementor-element elementor-element-4916cef elementor-view-stacked elementor-shape-circle elementor-mobile-position-top elementor-vertical-align-top elementor-widget elementor-widget-icon-box\" data-id=\"4916cef\" data-element_type=\"widget\" data-widget_type=\"icon-box.default\">\n\t\t\t\t<div class=\"elementor-widget-container\">\n\t\t\t\t\t<div class=\"elementor-icon-box-wrapper\">\n\t\t\t\t\t\t<div class=\"elementor-icon-box-icon\">\n\t\t\t\t<a class=\"elementor-icon elementor-animation-\" href=\"https:\/\/www.arquimedesmg.com.br\/novo\/suporte\/\">\n\t\t\t\t<i aria-hidden=\"true\" class=\"fas fa-headset\"><\/i>\t\t\t\t<\/a>\n\t\t\t<\/div>\n\t\t\t\t\t\t<div class=\"elementor-icon-box-content\">\n\t\t\t\t<h3 class=\"elementor-icon-box-title\">\n\t\t\t\t\t<a href=\"https:\/\/www.arquimedesmg.com.br\/novo\/suporte\/\" >\n\t\t\t\t\t\tAssist\u00eancia e suporte para governo \t\t\t\t\t<\/a>\n\t\t\t\t<\/h3>\n\t\t\t\t\t\t\t\t\t<p class=\"elementor-icon-box-description\">\n\t\t\t\t\t\tLorem ipsum dolor sit amet, consectetur adipiscing elit. Ut elit tellus, luctus nec ullamcorper mattis, pulvinar dapibus leo.\t\t\t\t\t<\/p>\n\t\t\t\t\t\t\t<\/div>\n\t\t<\/div>\n\t\t\t\t<\/div>\n\t\t\t\t<\/div>\n\t\t\t\t<div class=\"elementor-element elementor-element-57c5aa9 elementor-align-center elementor-widget elementor-widget-button\" data-id=\"57c5aa9\" data-element_type=\"widget\" data-widget_type=\"button.default\">\n\t\t\t\t<div class=\"elementor-widget-container\">\n\t\t\t\t\t<div class=\"elementor-button-wrapper\">\n\t\t\t<a href=\"https:\/\/www.arquimedesmg.com.br\/novo\/suporte\/\" class=\"elementor-button-link elementor-button elementor-size-sm\" role=\"button\">\n\t\t\t\t\t\t<span class=\"elementor-button-content-wrapper\">\n\t\t\t\t\t\t<span class=\"elementor-button-text\">Acessar<\/span>\n\t\t<\/span>\n\t\t\t\t\t<\/a>\n\t\t<\/div>\n\t\t\t\t<\/div>\n\t\t\t\t<\/div>\n\t\t\t\t\t\t<\/div>\n\t\t\t\t\t<\/div>\n\t\t<\/div>\n\t\t\t\t<div class=\"has_ae_slider elementor-column elementor-col-33 elementor-top-column elementor-element elementor-element-c37e5b1 ae-bg-gallery-type-default\" data-id=\"c37e5b1\" data-element_type=\"column\">\n\t\t\t<div class=\"elementor-column-wrap elementor-element-populated\">\n\t\t\t\t\t\t\t<div class=\"elementor-widget-wrap\">\n\t\t\t\t\t\t<div class=\"elementor-element elementor-element-337e668 elementor-view-stacked elementor-shape-circle elementor-mobile-position-top elementor-vertical-align-top elementor-widget elementor-widget-icon-box\" data-id=\"337e668\" data-element_type=\"widget\" data-widget_type=\"icon-box.default\">\n\t\t\t\t<div class=\"elementor-widget-container\">\n\t\t\t\t\t<div class=\"elementor-icon-box-wrapper\">\n\t\t\t\t\t\t<div class=\"elementor-icon-box-icon\">\n\t\t\t\t<a class=\"elementor-icon elementor-animation-\" href=\"#\">\n\t\t\t\t<i aria-hidden=\"true\" class=\"fas fa-layer-group\"><\/i>\t\t\t\t<\/a>\n\t\t\t<\/div>\n\t\t\t\t\t\t<div class=\"elementor-icon-box-content\">\n\t\t\t\t<h3 class=\"elementor-icon-box-title\">\n\t\t\t\t\t<a href=\"#\" >\n\t\t\t\t\t\tAtas v\u00e1lidas\t\t\t\t\t<\/a>\n\t\t\t\t<\/h3>\n\t\t\t\t\t\t\t\t\t<p class=\"elementor-icon-box-description\">\n\t\t\t\t\t\tLorem ipsum dolor sit amet, consectetur adipiscing elit. Ut elit tellus, luctus nec ullamcorper mattis, pulvinar dapibus leo.\t\t\t\t\t<\/p>\n\t\t\t\t\t\t\t<\/div>\n\t\t<\/div>\n\t\t\t\t<\/div>\n\t\t\t\t<\/div>\n\t\t\t\t<div class=\"elementor-element elementor-element-0ef713f elementor-align-center elementor-widget elementor-widget-button\" data-id=\"0ef713f\" data-element_type=\"widget\" data-widget_type=\"button.default\">\n\t\t\t\t<div class=\"elementor-widget-container\">\n\t\t\t\t\t<div class=\"elementor-button-wrapper\">\n\t\t\t<a href=\"https:\/\/www.arquimedesmg.com.br\/novo\/atas-validas\/\" class=\"elementor-button-link elementor-button elementor-size-sm\" role=\"button\">\n\t\t\t\t\t\t<span class=\"elementor-button-content-wrapper\">\n\t\t\t\t\t\t<span class=\"elementor-button-text\">Acessar<\/span>\n\t\t<\/span>\n\t\t\t\t\t<\/a>\n\t\t<\/div>\n\t\t\t\t<\/div>\n\t\t\t\t<\/div>\n\t\t\t\t\t\t<\/div>\n\t\t\t\t\t<\/div>\n\t\t<\/div>\n\t\t\t\t<div class=\"has_ae_slider elementor-column elementor-col-33 elementor-top-column elementor-element elementor-element-58cc84d ae-bg-gallery-type-default\" data-id=\"58cc84d\" data-element_type=\"column\">\n\t\t\t<div class=\"elementor-column-wrap elementor-element-populated\">\n\t\t\t\t\t\t\t<div class=\"elementor-widget-wrap\">\n\t\t\t\t\t\t<div class=\"elementor-element elementor-element-08d4600 elementor-view-stacked elementor-shape-circle elementor-mobile-position-top elementor-vertical-align-top elementor-widget elementor-widget-icon-box\" data-id=\"08d4600\" data-element_type=\"widget\" data-widget_type=\"icon-box.default\">\n\t\t\t\t<div class=\"elementor-widget-container\">\n\t\t\t\t\t<div class=\"elementor-icon-box-wrapper\">\n\t\t\t\t\t\t<div class=\"elementor-icon-box-icon\">\n\t\t\t\t<a class=\"elementor-icon elementor-animation-\" href=\"https:\/\/www.arquimedesmg.com.br\/novo\/projetos-especiais\/\">\n\t\t\t\t<i aria-hidden=\"true\" class=\"fas fa-project-diagram\"><\/i>\t\t\t\t<\/a>\n\t\t\t<\/div>\n\t\t\t\t\t\t<div class=\"elementor-icon-box-content\">\n\t\t\t\t<h3 class=\"elementor-icon-box-title\">\n\t\t\t\t\t<a href=\"https:\/\/www.arquimedesmg.com.br\/novo\/projetos-especiais\/\" >\n\t\t\t\t\t\tProjetos direcionados a \u00f3rg\u00e3os p\u00fablicos\t\t\t\t\t<\/a>\n\t\t\t\t<\/h3>\n\t\t\t\t\t\t\t\t\t<p class=\"elementor-icon-box-description\">\n\t\t\t\t\t\tLorem ipsum dolor sit amet, consectetur adipiscing elit. Ut elit tellus, luctus nec ullamcorper mattis, pulvinar dapibus leo.\t\t\t\t\t<\/p>\n\t\t\t\t\t\t\t<\/div>\n\t\t<\/div>\n\t\t\t\t<\/div>\n\t\t\t\t<\/div>\n\t\t\t\t<div class=\"elementor-element elementor-element-7b09ae5 elementor-align-center elementor-widget elementor-widget-button\" data-id=\"7b09ae5\" data-element_type=\"widget\" data-widget_type=\"button.default\">\n\t\t\t\t<div class=\"elementor-widget-container\">\n\t\t\t\t\t<div class=\"elementor-button-wrapper\">\n\t\t\t<a href=\"https:\/\/www.arquimedesmg.com.br\/novo\/projetos-especiais\/\" class=\"elementor-button-link elementor-button elementor-size-sm\" role=\"button\">\n\t\t\t\t\t\t<span class=\"elementor-button-content-wrapper\">\n\t\t\t\t\t\t<span class=\"elementor-button-text\">Acessar<\/span>\n\t\t<\/span>\n\t\t\t\t\t<\/a>\n\t\t<\/div>\n\t\t\t\t<\/div>\n\t\t\t\t<\/div>\n\t\t\t\t\t\t<\/div>\n\t\t\t\t\t<\/div>\n\t\t<\/div>\n\t\t\t\t\t\t\t\t<\/div>\n\t\t\t\t\t<\/div>\n\t\t<\/section>\n\t\t\t\t\t\t\t\t\t<\/div>\n\t\t\t<\/div>\n\t\t\t\t\t<\/div>\n\t\t","protected":false},"excerpt":{"rendered":"<p>Assist\u00eancia e suporte para governo Lorem ipsum dolor sit amet, consectetur adipiscing elit. Ut elit tellus, luctus nec ullamcorper mattis, pulvinar dapibus leo. Acessar Atas v\u00e1lidas Lorem ipsum dolor sit amet, consectetur adipiscing elit. Ut elit tellus, luctus nec ullamcorper mattis, pulvinar dapibus leo. Acessar Projetos direcionados a \u00f3rg\u00e3os p\u00fablicos Lorem ipsum dolor sit amet, [&hellip;]<\/p>\n","protected":false},"author":1,"featured_media":0,"parent":0,"menu_order":0,"comment_status":"closed","ping_status":"closed","template":"","meta":[],"acf":[],"yoast_head":"<!-- This site is optimized with the Yoast SEO plugin v20.5 - https:\/\/yoast.com\/wordpress\/plugins\/seo\/ -->\n<title>Setor p\u00fablico - Arquimedes<\/title>\n<meta name=\"robots\" content=\"index, follow, max-snippet:-1, max-image-preview:large, max-video-preview:-1\" \/>\n<link rel=\"canonical\" href=\"https:\/\/www.arquimedesmg.com.br\/novo\/setor-publico\/\" \/>\n<meta property=\"og:locale\" content=\"pt_BR\" \/>\n<meta property=\"og:type\" content=\"article\" \/>\n<meta property=\"og:title\" content=\"Setor p\u00fablico - Arquimedes\" \/>\n<meta property=\"og:description\" content=\"Assist\u00eancia e suporte para governo Lorem ipsum dolor sit amet, consectetur adipiscing elit. Ut elit tellus, luctus nec ullamcorper mattis, pulvinar dapibus leo. Acessar Atas v\u00e1lidas Lorem ipsum dolor sit amet, consectetur adipiscing elit. Ut elit tellus, luctus nec ullamcorper mattis, pulvinar dapibus leo. Acessar Projetos direcionados a \u00f3rg\u00e3os p\u00fablicos Lorem ipsum dolor sit amet, [&hellip;]\" \/>\n<meta property=\"og:url\" content=\"https:\/\/www.arquimedesmg.com.br\/novo\/setor-publico\/\" \/>\n<meta property=\"og:site_name\" content=\"Arquimedes\" \/>\n<meta property=\"article:modified_time\" content=\"2022-08-23T20:21:49+00:00\" \/>\n<meta name=\"twitter:card\" content=\"summary_large_image\" \/>\n<meta name=\"twitter:label1\" content=\"Est. tempo de leitura\" \/>\n\t<meta name=\"twitter:data1\" content=\"1 minuto\" \/>\n<script type=\"application\/ld+json\" class=\"yoast-schema-graph\">{\"@context\":\"https:\/\/schema.org\",\"@graph\":[{\"@type\":\"WebPage\",\"@id\":\"https:\/\/www.arquimedesmg.com.br\/novo\/setor-publico\/\",\"url\":\"https:\/\/www.arquimedesmg.com.br\/novo\/setor-publico\/\",\"name\":\"Setor p\u00fablico - Arquimedes\",\"isPartOf\":{\"@id\":\"https:\/\/www.arquimedesmg.com.br\/novo\/#website\"},\"datePublished\":\"2022-08-10T14:45:22+00:00\",\"dateModified\":\"2022-08-23T20:21:49+00:00\",\"breadcrumb\":{\"@id\":\"https:\/\/www.arquimedesmg.com.br\/novo\/setor-publico\/#breadcrumb\"},\"inLanguage\":\"pt-BR\",\"potentialAction\":[{\"@type\":\"ReadAction\",\"target\":[\"https:\/\/www.arquimedesmg.com.br\/novo\/setor-publico\/\"]}]},{\"@type\":\"BreadcrumbList\",\"@id\":\"https:\/\/www.arquimedesmg.com.br\/novo\/setor-publico\/#breadcrumb\",\"itemListElement\":[{\"@type\":\"ListItem\",\"position\":1,\"name\":\"In\u00edcio\",\"item\":\"https:\/\/www.arquimedesmg.com.br\/novo\/\"},{\"@type\":\"ListItem\",\"position\":2,\"name\":\"Setor p\u00fablico\"}]},{\"@type\":\"WebSite\",\"@id\":\"https:\/\/www.arquimedesmg.com.br\/novo\/#website\",\"url\":\"https:\/\/www.arquimedesmg.com.br\/novo\/\",\"name\":\"Arquimedes\",\"description\":\"Automa\u00e7\u00e3o &amp; Inform\u00e1tica\",\"publisher\":{\"@id\":\"https:\/\/www.arquimedesmg.com.br\/novo\/#organization\"},\"potentialAction\":[{\"@type\":\"SearchAction\",\"target\":{\"@type\":\"EntryPoint\",\"urlTemplate\":\"https:\/\/www.arquimedesmg.com.br\/novo\/?s={search_term_string}\"},\"query-input\":\"required name=search_term_string\"}],\"inLanguage\":\"pt-BR\"},{\"@type\":\"Organization\",\"@id\":\"https:\/\/www.arquimedesmg.com.br\/novo\/#organization\",\"name\":\"Arquimedes MG \u2013 Automa\u00e7\u00e3o e inform\u00e1tica\",\"url\":\"https:\/\/www.arquimedesmg.com.br\/novo\/\",\"logo\":{\"@type\":\"ImageObject\",\"inLanguage\":\"pt-BR\",\"@id\":\"https:\/\/www.arquimedesmg.com.br\/novo\/#\/schema\/logo\/image\/\",\"url\":\"https:\/\/www.arquimedesmg.com.br\/novo\/wp-content\/uploads\/2022\/05\/logo-1.png\",\"contentUrl\":\"https:\/\/www.arquimedesmg.com.br\/novo\/wp-content\/uploads\/2022\/05\/logo-1.png\",\"width\":300,\"height\":329,\"caption\":\"Arquimedes MG \u2013 Automa\u00e7\u00e3o e inform\u00e1tica\"},\"image\":{\"@id\":\"https:\/\/www.arquimedesmg.com.br\/novo\/#\/schema\/logo\/image\/\"}}]}<\/script>\n<!-- \/ Yoast SEO plugin. -->","yoast_head_json":{"title":"Setor p\u00fablico - Arquimedes","robots":{"index":"index","follow":"follow","max-snippet":"max-snippet:-1","max-image-preview":"max-image-preview:large","max-video-preview":"max-video-preview:-1"},"canonical":"https:\/\/www.arquimedesmg.com.br\/novo\/setor-publico\/","og_locale":"pt_BR","og_type":"article","og_title":"Setor p\u00fablico - Arquimedes","og_description":"Assist\u00eancia e suporte para governo Lorem ipsum dolor sit amet, consectetur adipiscing elit. Ut elit tellus, luctus nec ullamcorper mattis, pulvinar dapibus leo. Acessar Atas v\u00e1lidas Lorem ipsum dolor sit amet, consectetur adipiscing elit. Ut elit tellus, luctus nec ullamcorper mattis, pulvinar dapibus leo. Acessar Projetos direcionados a \u00f3rg\u00e3os p\u00fablicos Lorem ipsum dolor sit amet, [&hellip;]","og_url":"https:\/\/www.arquimedesmg.com.br\/novo\/setor-publico\/","og_site_name":"Arquimedes","article_modified_time":"2022-08-23T20:21:49+00:00","twitter_card":"summary_large_image","twitter_misc":{"Est. tempo de leitura":"1 minuto"},"schema":{"@context":"https:\/\/schema.org","@graph":[{"@type":"WebPage","@id":"https:\/\/www.arquimedesmg.com.br\/novo\/setor-publico\/","url":"https:\/\/www.arquimedesmg.com.br\/novo\/setor-publico\/","name":"Setor p\u00fablico - Arquimedes","isPartOf":{"@id":"https:\/\/www.arquimedesmg.com.br\/novo\/#website"},"datePublished":"2022-08-10T14:45:22+00:00","dateModified":"2022-08-23T20:21:49+00:00","breadcrumb":{"@id":"https:\/\/www.arquimedesmg.com.br\/novo\/setor-publico\/#breadcrumb"},"inLanguage":"pt-BR","potentialAction":[{"@type":"ReadAction","target":["https:\/\/www.arquimedesmg.com.br\/novo\/setor-publico\/"]}]},{"@type":"BreadcrumbList","@id":"https:\/\/www.arquimedesmg.com.br\/novo\/setor-publico\/#breadcrumb","itemListElement":[{"@type":"ListItem","position":1,"name":"In\u00edcio","item":"https:\/\/www.arquimedesmg.com.br\/novo\/"},{"@type":"ListItem","position":2,"name":"Setor p\u00fablico"}]},{"@type":"WebSite","@id":"https:\/\/www.arquimedesmg.com.br\/novo\/#website","url":"https:\/\/www.arquimedesmg.com.br\/novo\/","name":"Arquimedes","description":"Automa\u00e7\u00e3o &amp; Inform\u00e1tica","publisher":{"@id":"https:\/\/www.arquimedesmg.com.br\/novo\/#organization"},"potentialAction":[{"@type":"SearchAction","target":{"@type":"EntryPoint","urlTemplate":"https:\/\/www.arquimedesmg.com.br\/novo\/?s={search_term_string}"},"query-input":"required name=search_term_string"}],"inLanguage":"pt-BR"},{"@type":"Organization","@id":"https:\/\/www.arquimedesmg.com.br\/novo\/#organization","name":"Arquimedes MG \u2013 Automa\u00e7\u00e3o e inform\u00e1tica","url":"https:\/\/www.arquimedesmg.com.br\/novo\/","logo":{"@type":"ImageObject","inLanguage":"pt-BR","@id":"https:\/\/www.arquimedesmg.com.br\/novo\/#\/schema\/logo\/image\/","url":"https:\/\/www.arquimedesmg.com.br\/novo\/wp-content\/uploads\/2022\/05\/logo-1.png","contentUrl":"https:\/\/www.arquimedesmg.com.br\/novo\/wp-content\/uploads\/2022\/05\/logo-1.png","width":300,"height":329,"caption":"Arquimedes MG \u2013 Automa\u00e7\u00e3o e inform\u00e1tica"},"image":{"@id":"https:\/\/www.arquimedesmg.com.br\/novo\/#\/schema\/logo\/image\/"}}]}},"_links":{"self":[{"href":"https:\/\/www.arquimedesmg.com.br\/novo\/wp-json\/wp\/v2\/pages\/74"}],"collection":[{"href":"https:\/\/www.arquimedesmg.com.br\/novo\/wp-json\/wp\/v2\/pages"}],"about":[{"href":"https:\/\/www.arquimedesmg.com.br\/novo\/wp-json\/wp\/v2\/types\/page"}],"author":[{"embeddable":true,"href":"https:\/\/www.arquimedesmg.com.br\/novo\/wp-json\/wp\/v2\/users\/1"}],"replies":[{"embeddable":true,"href":"https:\/\/www.arquimedesmg.com.br\/novo\/wp-json\/wp\/v2\/comments?post=74"}],"version-history":[{"count":43,"href":"https:\/\/www.arquimedesmg.com.br\/novo\/wp-json\/wp\/v2\/pages\/74\/revisions"}],"predecessor-version":[{"id":1028,"href":"https:\/\/www.arquimedesmg.com.br\/novo\/wp-json\/wp\/v2\/pages\/74\/revisions\/1028"}],"wp:attachment":[{"href":"https:\/\/www.arquimedesmg.com.br\/novo\/wp-json\/wp\/v2\/media?parent=74"}],"curies":[{"name":"wp","href":"https:\/\/api.w.org\/{rel}","templated":true}]}}