{"id":82,"date":"2022-08-10T11:45:59","date_gmt":"2022-08-10T14:45:59","guid":{"rendered":"http:\/\/informatizaweb10.com.br\/arquimedesmg\/?page_id=82"},"modified":"2024-06-06T15:16:34","modified_gmt":"2024-06-06T18:16:34","slug":"sobre-nos","status":"publish","type":"page","link":"https:\/\/www.arquimedesmg.com.br\/novo\/sobre-nos\/","title":{"rendered":"Sobre n\u00f3s"},"content":{"rendered":"\t\t<div data-elementor-type=\"wp-page\" data-elementor-id=\"82\" class=\"elementor elementor-82\">\n\t\t\t\t\t\t<div class=\"elementor-inner\">\n\t\t\t\t<div class=\"elementor-section-wrap\">\n\t\t\t\t\t\t\t\t\t<section class=\"has_ae_slider elementor-section elementor-top-section elementor-element elementor-element-7f7c9ba elementor-section-full_width elementor-section-height-default elementor-section-height-default ae-bg-gallery-type-default\" data-id=\"7f7c9ba\" data-element_type=\"section\">\n\t\t\t\t\t\t<div class=\"elementor-container elementor-column-gap-no\">\n\t\t\t\t\t\t\t<div class=\"elementor-row\">\n\t\t\t\t\t<div class=\"has_ae_slider elementor-column elementor-col-100 elementor-top-column elementor-element elementor-element-d6ca3a4 ae-bg-gallery-type-default\" data-id=\"d6ca3a4\" data-element_type=\"column\">\n\t\t\t<div class=\"elementor-column-wrap elementor-element-populated\">\n\t\t\t\t\t\t\t<div class=\"elementor-widget-wrap\">\n\t\t\t\t\t\t<div class=\"elementor-element elementor-element-c5fa185 elementor-widget elementor-widget-template\" data-id=\"c5fa185\" data-element_type=\"widget\" data-widget_type=\"template.default\">\n\t\t\t\t<div class=\"elementor-widget-container\">\n\t\t\t\t\t<div class=\"elementor-template\">\n\t\t\t\t\t<div data-elementor-type=\"section\" data-elementor-id=\"330\" class=\"elementor elementor-330\">\n\t\t\t\t\t<div class=\"elementor-section-wrap\">\n\t\t\t\t\t\t\t\t<section class=\"has_ae_slider elementor-section elementor-top-section elementor-element elementor-element-74a7c11 elementor-section-full_width elementor-section-content-middle elementor-section-height-default elementor-section-height-default ae-bg-gallery-type-default\" data-dce-background-image-url=\"https:\/\/www.arquimedesmg.com.br\/novo\/wp-content\/uploads\/2022\/08\/topo.jpg\" data-id=\"74a7c11\" data-element_type=\"section\" data-settings=\"{&quot;background_background&quot;:&quot;classic&quot;}\">\n\t\t\t\t\t\t<div class=\"elementor-container elementor-column-gap-default\">\n\t\t\t\t\t\t\t<div class=\"elementor-row\">\n\t\t\t\t\t<div class=\"has_ae_slider elementor-column elementor-col-50 elementor-top-column elementor-element elementor-element-48bd193 ae-bg-gallery-type-default\" data-id=\"48bd193\" data-element_type=\"column\">\n\t\t\t<div class=\"elementor-column-wrap elementor-element-populated\">\n\t\t\t\t\t\t\t<div class=\"elementor-widget-wrap\">\n\t\t\t\t\t\t<div class=\"elementor-element elementor-element-2a3ffab elementor-widget elementor-widget-heading\" data-id=\"2a3ffab\" data-element_type=\"widget\" data-widget_type=\"heading.default\">\n\t\t\t\t<div class=\"elementor-widget-container\">\n\t\t\t<h2 class=\"elementor-heading-title elementor-size-default\">Sobre n\u00f3s<\/h2>\t\t<\/div>\n\t\t\t\t<\/div>\n\t\t\t\t<div class=\"elementor-element elementor-element-49584ba elementor-widget elementor-widget-breadcrumbs\" data-id=\"49584ba\" data-element_type=\"widget\" data-widget_type=\"breadcrumbs.default\">\n\t\t\t\t<div class=\"elementor-widget-container\">\n\t\t\t<p id=\"breadcrumbs\"><span><span><a href=\"https:\/\/www.arquimedesmg.com.br\/novo\/\">In\u00edcio<\/a><\/span><\/span><\/p>\t\t<\/div>\n\t\t\t\t<\/div>\n\t\t\t\t\t\t<\/div>\n\t\t\t\t\t<\/div>\n\t\t<\/div>\n\t\t\t\t<div class=\"has_ae_slider elementor-column elementor-col-50 elementor-top-column elementor-element elementor-element-bde45c3 ae-bg-gallery-type-default\" data-id=\"bde45c3\" data-element_type=\"column\">\n\t\t\t<div class=\"elementor-column-wrap\">\n\t\t\t\t\t\t\t<div class=\"elementor-widget-wrap\">\n\t\t\t\t\t\t\t\t<\/div>\n\t\t\t\t\t<\/div>\n\t\t<\/div>\n\t\t\t\t\t\t\t\t<\/div>\n\t\t\t\t\t<\/div>\n\t\t<\/section>\n\t\t\t\t\t\t\t<\/div>\n\t\t\t\t<\/div>\n\t\t\t\t<\/div>\n\t\t\t\t<\/div>\n\t\t\t\t<\/div>\n\t\t\t\t\t\t<\/div>\n\t\t\t\t\t<\/div>\n\t\t<\/div>\n\t\t\t\t\t\t\t\t<\/div>\n\t\t\t\t\t<\/div>\n\t\t<\/section>\n\t\t\t\t<section class=\"has_ae_slider elementor-section elementor-top-section elementor-element elementor-element-fdbf423 elementor-section-boxed elementor-section-height-default elementor-section-height-default ae-bg-gallery-type-default\" data-id=\"fdbf423\" data-element_type=\"section\">\n\t\t\t\t\t\t<div class=\"elementor-container elementor-column-gap-default\">\n\t\t\t\t\t\t\t<div class=\"elementor-row\">\n\t\t\t\t\t<div class=\"has_ae_slider elementor-column elementor-col-100 elementor-top-column elementor-element elementor-element-85716d4 ae-bg-gallery-type-default\" data-id=\"85716d4\" data-element_type=\"column\">\n\t\t\t<div class=\"elementor-column-wrap elementor-element-populated\">\n\t\t\t\t\t\t\t<div class=\"elementor-widget-wrap\">\n\t\t\t\t\t\t<div class=\"elementor-element elementor-element-12819c0 elementor-widget elementor-widget-heading\" data-id=\"12819c0\" data-element_type=\"widget\" data-widget_type=\"heading.default\">\n\t\t\t\t<div class=\"elementor-widget-container\">\n\t\t\t<h1 class=\"elementor-heading-title elementor-size-default\">Um pouco <b>sobre n\u00f3s<\/b><\/h1>\t\t<\/div>\n\t\t\t\t<\/div>\n\t\t\t\t<div class=\"elementor-element elementor-element-26441b0 elementor-widget elementor-widget-text-editor\" data-id=\"26441b0\" data-element_type=\"widget\" data-widget_type=\"text-editor.default\">\n\t\t\t\t<div class=\"elementor-widget-container\">\n\t\t\t\t\t\t\t\t<div class=\"elementor-text-editor elementor-clearfix\">\n\t\t\t\t<p>Sediada em Belo Horizonte\/MG, a Arquimedes \u00e9 uma empresa 100% brasileira, com atua\u00e7\u00e3o em todo Brasil, que, desde 2002, fabrica e comercializa equipamentos para inform\u00e1tica e automa\u00e7\u00e3o comercial. Constitu\u00edda por profissionais extremamente capacitados das \u00e1reas de Tecnologia da Informa\u00e7\u00e3o, a empresa oferece solu\u00e7\u00f5es completas ao mercado corporativo, atendendo a clientes de todos os portes.<\/p><p>A Arquimedes Automa\u00e7\u00e3o e Inform\u00e1tica Ltda apresenta ao mercado solu\u00e7\u00f5es voltadas \u00e0 Tecnologia da Informa\u00e7\u00e3o, atuando em \u00e1reas como educa\u00e7\u00e3o, comunica\u00e7\u00e3o, governamental, empresas privadas, etc. Faz parte do dia-a-dia da nossa organiza\u00e7\u00e3o buscar a melhor solu\u00e7\u00e3o para o cliente, ofertando-lhe servi\u00e7os de qualidade , nosso grande diferencial.<\/p>\t\t\t\t\t<\/div>\n\t\t\t\t\t\t<\/div>\n\t\t\t\t<\/div>\n\t\t\t\t\t\t<\/div>\n\t\t\t\t\t<\/div>\n\t\t<\/div>\n\t\t\t\t\t\t\t\t<\/div>\n\t\t\t\t\t<\/div>\n\t\t<\/section>\n\t\t\t\t<section class=\"has_ae_slider elementor-section elementor-top-section elementor-element elementor-element-69bb14a elementor-section-boxed elementor-section-height-default elementor-section-height-default ae-bg-gallery-type-default\" data-id=\"69bb14a\" data-element_type=\"section\">\n\t\t\t\t\t\t<div class=\"elementor-container elementor-column-gap-default\">\n\t\t\t\t\t\t\t<div class=\"elementor-row\">\n\t\t\t\t\t<div class=\"has_ae_slider elementor-column elementor-col-50 elementor-top-column elementor-element elementor-element-86f0250 ae-bg-gallery-type-default\" data-id=\"86f0250\" data-element_type=\"column\">\n\t\t\t<div class=\"elementor-column-wrap elementor-element-populated\">\n\t\t\t\t\t\t\t<div class=\"elementor-widget-wrap\">\n\t\t\t\t\t\t<div class=\"elementor-element elementor-element-d026cd5 elementor-widget elementor-widget-text-editor\" data-id=\"d026cd5\" data-element_type=\"widget\" data-widget_type=\"text-editor.default\">\n\t\t\t\t<div class=\"elementor-widget-container\">\n\t\t\t\t\t\t\t\t<div class=\"elementor-text-editor elementor-clearfix\">\n\t\t\t\t<p>Com um controle rigoroso de inspe\u00e7\u00e3o e recep\u00e7\u00e3o de mercadorias, todo material utilizado pela Arquimedes \u00e9 completamente rastreado. Dispomos de setores dedicados \u00e0 fabrica\u00e7\u00e3o de equipamentos, com \u00e1reas bem definidas para preparo, integra\u00e7\u00e3o, POST, hipot e expedi\u00e7\u00e3o. Na \u00e1rea de produ\u00e7\u00e3o, com o aux\u00edlio de um software pr\u00f3prio, a rastreabilidade dos nossos produtos chega a um n\u00edvel de excel\u00eancia em detalhamento, permitindo identificar o funcion\u00e1rio em seu setor e qual pe\u00e7a est\u00e1 sendo manuseada no momento.<\/p><p>Al\u00e9m da fabrica\u00e7\u00e3o, contamos com uma equipe de profissionais dedicados \u00e0 manuten\u00e7\u00e3o e assist\u00eancia t\u00e9cnica. Hoje, a Arquimedes \u00e9 autorizada assist\u00eancia t\u00e9cnica de grandes marcas, como Ory, Braview, Ez-go, K-mex, OKI, dentre outras.<\/p><p>Possu\u00edmos, ainda, uma rede de assist\u00eancia t\u00e9cnica para os produtos em todo o pa\u00eds. Para melhor atender os clientes, nossos profissionais est\u00e3o divididos por segmento: atendimento ao corporativo privado, governo, desenvolvimento de sistemas, educacional, manuten\u00e7\u00e3o e suporte.<\/p><p>Na Arquimedes, estamos em um cont\u00ednuo processo de inova\u00e7\u00f5es, sempre focando a efic\u00e1cia e atentos ao nosso lema: fazer certo da primeira vez<\/p>\t\t\t\t\t<\/div>\n\t\t\t\t\t\t<\/div>\n\t\t\t\t<\/div>\n\t\t\t\t\t\t<\/div>\n\t\t\t\t\t<\/div>\n\t\t<\/div>\n\t\t\t\t<div class=\"has_ae_slider elementor-column elementor-col-50 elementor-top-column elementor-element elementor-element-82cbe73 ae-bg-gallery-type-default\" data-id=\"82cbe73\" data-element_type=\"column\">\n\t\t\t<div class=\"elementor-column-wrap elementor-element-populated\">\n\t\t\t\t\t\t\t<div class=\"elementor-widget-wrap\">\n\t\t\t\t\t\t<div class=\"elementor-element elementor-element-b05ca39 dce_masking-none elementor-widget elementor-widget-image\" data-id=\"b05ca39\" data-element_type=\"widget\" data-widget_type=\"image.default\">\n\t\t\t\t<div class=\"elementor-widget-container\">\n\t\t\t\t\t\t\t\t<div class=\"elementor-image\">\n\t\t\t\t\t\t\t\t\t\t\t\t<img decoding=\"async\" width=\"800\" height=\"600\" src=\"https:\/\/www.arquimedesmg.com.br\/novo\/wp-content\/uploads\/2022\/08\/pc.jpg\" class=\"attachment-large size-large wp-image-629\" alt=\"\" loading=\"lazy\" srcset=\"https:\/\/www.arquimedesmg.com.br\/novo\/wp-content\/uploads\/2022\/08\/pc.jpg 800w, https:\/\/www.arquimedesmg.com.br\/novo\/wp-content\/uploads\/2022\/08\/pc-300x225.jpg 300w, https:\/\/www.arquimedesmg.com.br\/novo\/wp-content\/uploads\/2022\/08\/pc-768x576.jpg 768w\" sizes=\"(max-width: 800px) 100vw, 800px\" \/>\t\t\t\t\t\t\t\t\t\t\t\t\t\t<\/div>\n\t\t\t\t\t\t<\/div>\n\t\t\t\t<\/div>\n\t\t\t\t\t\t<\/div>\n\t\t\t\t\t<\/div>\n\t\t<\/div>\n\t\t\t\t\t\t\t\t<\/div>\n\t\t\t\t\t<\/div>\n\t\t<\/section>\n\t\t\t\t<section class=\"has_ae_slider elementor-section elementor-top-section elementor-element elementor-element-d3e7814 elementor-section-boxed elementor-section-height-default elementor-section-height-default ae-bg-gallery-type-default\" data-dce-background-color=\"#EEEEEE\" data-id=\"d3e7814\" data-element_type=\"section\" data-settings=\"{&quot;background_background&quot;:&quot;classic&quot;}\">\n\t\t\t\t\t\t<div class=\"elementor-container elementor-column-gap-default\">\n\t\t\t\t\t\t\t<div class=\"elementor-row\">\n\t\t\t\t\t<div class=\"has_ae_slider elementor-column elementor-col-33 elementor-top-column elementor-element elementor-element-e5ef534 ae-bg-gallery-type-default\" data-id=\"e5ef534\" data-element_type=\"column\">\n\t\t\t<div class=\"elementor-column-wrap elementor-element-populated\">\n\t\t\t\t\t\t\t<div class=\"elementor-widget-wrap\">\n\t\t\t\t\t\t<div class=\"elementor-element elementor-element-45fd82a elementor-view-default elementor-mobile-position-top elementor-vertical-align-top elementor-widget elementor-widget-icon-box\" data-id=\"45fd82a\" data-element_type=\"widget\" data-widget_type=\"icon-box.default\">\n\t\t\t\t<div class=\"elementor-widget-container\">\n\t\t\t\t\t<div class=\"elementor-icon-box-wrapper\">\n\t\t\t\t\t\t<div class=\"elementor-icon-box-icon\">\n\t\t\t\t<span class=\"elementor-icon elementor-animation-\" >\n\t\t\t\t<i aria-hidden=\"true\" class=\"fas fa-handshake\"><\/i>\t\t\t\t<\/span>\n\t\t\t<\/div>\n\t\t\t\t\t\t<div class=\"elementor-icon-box-content\">\n\t\t\t\t<h3 class=\"elementor-icon-box-title\">\n\t\t\t\t\t<span  >\n\t\t\t\t\t\tMiss\u00e3o\t\t\t\t\t<\/span>\n\t\t\t\t<\/h3>\n\t\t\t\t\t\t\t\t\t<p class=\"elementor-icon-box-description\">\n\t\t\t\t\t\tPrestar servi\u00e7o de inform\u00e1tica com qualidade e excel\u00eancia\t\t\t\t\t<\/p>\n\t\t\t\t\t\t\t<\/div>\n\t\t<\/div>\n\t\t\t\t<\/div>\n\t\t\t\t<\/div>\n\t\t\t\t\t\t<\/div>\n\t\t\t\t\t<\/div>\n\t\t<\/div>\n\t\t\t\t<div class=\"has_ae_slider elementor-column elementor-col-33 elementor-top-column elementor-element elementor-element-6ae3e77 ae-bg-gallery-type-default\" data-id=\"6ae3e77\" data-element_type=\"column\">\n\t\t\t<div class=\"elementor-column-wrap elementor-element-populated\">\n\t\t\t\t\t\t\t<div class=\"elementor-widget-wrap\">\n\t\t\t\t\t\t<div class=\"elementor-element elementor-element-57caa12 elementor-view-default elementor-mobile-position-top elementor-vertical-align-top elementor-widget elementor-widget-icon-box\" data-id=\"57caa12\" data-element_type=\"widget\" data-widget_type=\"icon-box.default\">\n\t\t\t\t<div class=\"elementor-widget-container\">\n\t\t\t\t\t<div class=\"elementor-icon-box-wrapper\">\n\t\t\t\t\t\t<div class=\"elementor-icon-box-icon\">\n\t\t\t\t<span class=\"elementor-icon elementor-animation-\" >\n\t\t\t\t<i aria-hidden=\"true\" class=\"fas fa-gem\"><\/i>\t\t\t\t<\/span>\n\t\t\t<\/div>\n\t\t\t\t\t\t<div class=\"elementor-icon-box-content\">\n\t\t\t\t<h3 class=\"elementor-icon-box-title\">\n\t\t\t\t\t<span  >\n\t\t\t\t\t\tValores\t\t\t\t\t<\/span>\n\t\t\t\t<\/h3>\n\t\t\t\t\t\t\t\t\t<p class=\"elementor-icon-box-description\">\n\t\t\t\t\t\tOrganiza\u00e7\u00e3o, compet\u00eancia, compromisso e dinamismo com resultados\t\t\t\t\t<\/p>\n\t\t\t\t\t\t\t<\/div>\n\t\t<\/div>\n\t\t\t\t<\/div>\n\t\t\t\t<\/div>\n\t\t\t\t\t\t<\/div>\n\t\t\t\t\t<\/div>\n\t\t<\/div>\n\t\t\t\t<div class=\"has_ae_slider elementor-column elementor-col-33 elementor-top-column elementor-element elementor-element-e6f2fd2 ae-bg-gallery-type-default\" data-id=\"e6f2fd2\" data-element_type=\"column\">\n\t\t\t<div class=\"elementor-column-wrap elementor-element-populated\">\n\t\t\t\t\t\t\t<div class=\"elementor-widget-wrap\">\n\t\t\t\t\t\t<div class=\"elementor-element elementor-element-e0ea233 elementor-view-default elementor-mobile-position-top elementor-vertical-align-top elementor-widget elementor-widget-icon-box\" data-id=\"e0ea233\" data-element_type=\"widget\" data-widget_type=\"icon-box.default\">\n\t\t\t\t<div class=\"elementor-widget-container\">\n\t\t\t\t\t<div class=\"elementor-icon-box-wrapper\">\n\t\t\t\t\t\t<div class=\"elementor-icon-box-icon\">\n\t\t\t\t<span class=\"elementor-icon elementor-animation-\" >\n\t\t\t\t<i aria-hidden=\"true\" class=\"fas fa-bullseye\"><\/i>\t\t\t\t<\/span>\n\t\t\t<\/div>\n\t\t\t\t\t\t<div class=\"elementor-icon-box-content\">\n\t\t\t\t<h3 class=\"elementor-icon-box-title\">\n\t\t\t\t\t<span  >\n\t\t\t\t\t\tPol\u00edticas\t\t\t\t\t<\/span>\n\t\t\t\t<\/h3>\n\t\t\t\t\t\t\t\t\t<p class=\"elementor-icon-box-description\">\n\t\t\t\t\t\tSistema de Gest\u00e3o de Qualidade\nSGQ<br>Sistema de Gest\u00e3o Ambiental\nSGA\t\t\t\t\t<\/p>\n\t\t\t\t\t\t\t<\/div>\n\t\t<\/div>\n\t\t\t\t<\/div>\n\t\t\t\t<\/div>\n\t\t\t\t\t\t<\/div>\n\t\t\t\t\t<\/div>\n\t\t<\/div>\n\t\t\t\t\t\t\t\t<\/div>\n\t\t\t\t\t<\/div>\n\t\t<\/section>\n\t\t\t\t\t\t\t\t\t<\/div>\n\t\t\t<\/div>\n\t\t\t\t\t<\/div>\n\t\t","protected":false},"excerpt":{"rendered":"<p>Um pouco sobre n\u00f3s Sediada em Belo Horizonte\/MG, a Arquimedes \u00e9 uma empresa 100% brasileira, com atua\u00e7\u00e3o em todo Brasil, que, desde 2002, fabrica e comercializa equipamentos para inform\u00e1tica e automa\u00e7\u00e3o comercial. Constitu\u00edda por profissionais extremamente capacitados das \u00e1reas de Tecnologia da Informa\u00e7\u00e3o, a empresa oferece solu\u00e7\u00f5es completas ao mercado corporativo, atendendo a clientes de [&hellip;]<\/p>\n","protected":false},"author":1,"featured_media":0,"parent":0,"menu_order":0,"comment_status":"closed","ping_status":"closed","template":"","meta":[],"acf":[],"yoast_head":"<!-- This site is optimized with the Yoast SEO plugin v20.5 - https:\/\/yoast.com\/wordpress\/plugins\/seo\/ -->\n<title>Sobre n\u00f3s - Arquimedes<\/title>\n<meta name=\"robots\" content=\"index, follow, max-snippet:-1, max-image-preview:large, max-video-preview:-1\" \/>\n<link rel=\"canonical\" href=\"https:\/\/www.arquimedesmg.com.br\/novo\/sobre-nos\/\" \/>\n<meta property=\"og:locale\" content=\"pt_BR\" \/>\n<meta property=\"og:type\" content=\"article\" \/>\n<meta property=\"og:title\" content=\"Sobre n\u00f3s - Arquimedes\" \/>\n<meta property=\"og:description\" content=\"Um pouco sobre n\u00f3s Sediada em Belo Horizonte\/MG, a Arquimedes \u00e9 uma empresa 100% brasileira, com atua\u00e7\u00e3o em todo Brasil, que, desde 2002, fabrica e comercializa equipamentos para inform\u00e1tica e automa\u00e7\u00e3o comercial. Constitu\u00edda por profissionais extremamente capacitados das \u00e1reas de Tecnologia da Informa\u00e7\u00e3o, a empresa oferece solu\u00e7\u00f5es completas ao mercado corporativo, atendendo a clientes de [&hellip;]\" \/>\n<meta property=\"og:url\" content=\"https:\/\/www.arquimedesmg.com.br\/novo\/sobre-nos\/\" \/>\n<meta property=\"og:site_name\" content=\"Arquimedes\" \/>\n<meta property=\"article:modified_time\" content=\"2024-06-06T18:16:34+00:00\" \/>\n<meta property=\"og:image\" content=\"https:\/\/www.arquimedesmg.com.br\/novo\/wp-content\/uploads\/2022\/08\/pc.jpg\" \/>\n<meta name=\"twitter:card\" content=\"summary_large_image\" \/>\n<meta name=\"twitter:label1\" content=\"Est. tempo de leitura\" \/>\n\t<meta name=\"twitter:data1\" content=\"3 minutos\" \/>\n<script type=\"application\/ld+json\" class=\"yoast-schema-graph\">{\"@context\":\"https:\/\/schema.org\",\"@graph\":[{\"@type\":\"WebPage\",\"@id\":\"https:\/\/www.arquimedesmg.com.br\/novo\/sobre-nos\/\",\"url\":\"https:\/\/www.arquimedesmg.com.br\/novo\/sobre-nos\/\",\"name\":\"Sobre n\u00f3s - Arquimedes\",\"isPartOf\":{\"@id\":\"https:\/\/www.arquimedesmg.com.br\/novo\/#website\"},\"datePublished\":\"2022-08-10T14:45:59+00:00\",\"dateModified\":\"2024-06-06T18:16:34+00:00\",\"breadcrumb\":{\"@id\":\"https:\/\/www.arquimedesmg.com.br\/novo\/sobre-nos\/#breadcrumb\"},\"inLanguage\":\"pt-BR\",\"potentialAction\":[{\"@type\":\"ReadAction\",\"target\":[\"https:\/\/www.arquimedesmg.com.br\/novo\/sobre-nos\/\"]}]},{\"@type\":\"BreadcrumbList\",\"@id\":\"https:\/\/www.arquimedesmg.com.br\/novo\/sobre-nos\/#breadcrumb\",\"itemListElement\":[{\"@type\":\"ListItem\",\"position\":1,\"name\":\"In\u00edcio\",\"item\":\"https:\/\/www.arquimedesmg.com.br\/novo\/\"},{\"@type\":\"ListItem\",\"position\":2,\"name\":\"Sobre n\u00f3s\"}]},{\"@type\":\"WebSite\",\"@id\":\"https:\/\/www.arquimedesmg.com.br\/novo\/#website\",\"url\":\"https:\/\/www.arquimedesmg.com.br\/novo\/\",\"name\":\"Arquimedes\",\"description\":\"Automa\u00e7\u00e3o &amp; Inform\u00e1tica\",\"publisher\":{\"@id\":\"https:\/\/www.arquimedesmg.com.br\/novo\/#organization\"},\"potentialAction\":[{\"@type\":\"SearchAction\",\"target\":{\"@type\":\"EntryPoint\",\"urlTemplate\":\"https:\/\/www.arquimedesmg.com.br\/novo\/?s={search_term_string}\"},\"query-input\":\"required name=search_term_string\"}],\"inLanguage\":\"pt-BR\"},{\"@type\":\"Organization\",\"@id\":\"https:\/\/www.arquimedesmg.com.br\/novo\/#organization\",\"name\":\"Arquimedes MG \u2013 Automa\u00e7\u00e3o e inform\u00e1tica\",\"url\":\"https:\/\/www.arquimedesmg.com.br\/novo\/\",\"logo\":{\"@type\":\"ImageObject\",\"inLanguage\":\"pt-BR\",\"@id\":\"https:\/\/www.arquimedesmg.com.br\/novo\/#\/schema\/logo\/image\/\",\"url\":\"https:\/\/www.arquimedesmg.com.br\/novo\/wp-content\/uploads\/2022\/05\/logo-1.png\",\"contentUrl\":\"https:\/\/www.arquimedesmg.com.br\/novo\/wp-content\/uploads\/2022\/05\/logo-1.png\",\"width\":300,\"height\":329,\"caption\":\"Arquimedes MG \u2013 Automa\u00e7\u00e3o e inform\u00e1tica\"},\"image\":{\"@id\":\"https:\/\/www.arquimedesmg.com.br\/novo\/#\/schema\/logo\/image\/\"}}]}<\/script>\n<!-- \/ Yoast SEO plugin. -->","yoast_head_json":{"title":"Sobre n\u00f3s - Arquimedes","robots":{"index":"index","follow":"follow","max-snippet":"max-snippet:-1","max-image-preview":"max-image-preview:large","max-video-preview":"max-video-preview:-1"},"canonical":"https:\/\/www.arquimedesmg.com.br\/novo\/sobre-nos\/","og_locale":"pt_BR","og_type":"article","og_title":"Sobre n\u00f3s - Arquimedes","og_description":"Um pouco sobre n\u00f3s Sediada em Belo Horizonte\/MG, a Arquimedes \u00e9 uma empresa 100% brasileira, com atua\u00e7\u00e3o em todo Brasil, que, desde 2002, fabrica e comercializa equipamentos para inform\u00e1tica e automa\u00e7\u00e3o comercial. Constitu\u00edda por profissionais extremamente capacitados das \u00e1reas de Tecnologia da Informa\u00e7\u00e3o, a empresa oferece solu\u00e7\u00f5es completas ao mercado corporativo, atendendo a clientes de [&hellip;]","og_url":"https:\/\/www.arquimedesmg.com.br\/novo\/sobre-nos\/","og_site_name":"Arquimedes","article_modified_time":"2024-06-06T18:16:34+00:00","og_image":[{"url":"https:\/\/www.arquimedesmg.com.br\/novo\/wp-content\/uploads\/2022\/08\/pc.jpg"}],"twitter_card":"summary_large_image","twitter_misc":{"Est. tempo de leitura":"3 minutos"},"schema":{"@context":"https:\/\/schema.org","@graph":[{"@type":"WebPage","@id":"https:\/\/www.arquimedesmg.com.br\/novo\/sobre-nos\/","url":"https:\/\/www.arquimedesmg.com.br\/novo\/sobre-nos\/","name":"Sobre n\u00f3s - Arquimedes","isPartOf":{"@id":"https:\/\/www.arquimedesmg.com.br\/novo\/#website"},"datePublished":"2022-08-10T14:45:59+00:00","dateModified":"2024-06-06T18:16:34+00:00","breadcrumb":{"@id":"https:\/\/www.arquimedesmg.com.br\/novo\/sobre-nos\/#breadcrumb"},"inLanguage":"pt-BR","potentialAction":[{"@type":"ReadAction","target":["https:\/\/www.arquimedesmg.com.br\/novo\/sobre-nos\/"]}]},{"@type":"BreadcrumbList","@id":"https:\/\/www.arquimedesmg.com.br\/novo\/sobre-nos\/#breadcrumb","itemListElement":[{"@type":"ListItem","position":1,"name":"In\u00edcio","item":"https:\/\/www.arquimedesmg.com.br\/novo\/"},{"@type":"ListItem","position":2,"name":"Sobre n\u00f3s"}]},{"@type":"WebSite","@id":"https:\/\/www.arquimedesmg.com.br\/novo\/#website","url":"https:\/\/www.arquimedesmg.com.br\/novo\/","name":"Arquimedes","description":"Automa\u00e7\u00e3o &amp; Inform\u00e1tica","publisher":{"@id":"https:\/\/www.arquimedesmg.com.br\/novo\/#organization"},"potentialAction":[{"@type":"SearchAction","target":{"@type":"EntryPoint","urlTemplate":"https:\/\/www.arquimedesmg.com.br\/novo\/?s={search_term_string}"},"query-input":"required name=search_term_string"}],"inLanguage":"pt-BR"},{"@type":"Organization","@id":"https:\/\/www.arquimedesmg.com.br\/novo\/#organization","name":"Arquimedes MG \u2013 Automa\u00e7\u00e3o e inform\u00e1tica","url":"https:\/\/www.arquimedesmg.com.br\/novo\/","logo":{"@type":"ImageObject","inLanguage":"pt-BR","@id":"https:\/\/www.arquimedesmg.com.br\/novo\/#\/schema\/logo\/image\/","url":"https:\/\/www.arquimedesmg.com.br\/novo\/wp-content\/uploads\/2022\/05\/logo-1.png","contentUrl":"https:\/\/www.arquimedesmg.com.br\/novo\/wp-content\/uploads\/2022\/05\/logo-1.png","width":300,"height":329,"caption":"Arquimedes MG \u2013 Automa\u00e7\u00e3o e inform\u00e1tica"},"image":{"@id":"https:\/\/www.arquimedesmg.com.br\/novo\/#\/schema\/logo\/image\/"}}]}},"_links":{"self":[{"href":"https:\/\/www.arquimedesmg.com.br\/novo\/wp-json\/wp\/v2\/pages\/82"}],"collection":[{"href":"https:\/\/www.arquimedesmg.com.br\/novo\/wp-json\/wp\/v2\/pages"}],"about":[{"href":"https:\/\/www.arquimedesmg.com.br\/novo\/wp-json\/wp\/v2\/types\/page"}],"author":[{"embeddable":true,"href":"https:\/\/www.arquimedesmg.com.br\/novo\/wp-json\/wp\/v2\/users\/1"}],"replies":[{"embeddable":true,"href":"https:\/\/www.arquimedesmg.com.br\/novo\/wp-json\/wp\/v2\/comments?post=82"}],"version-history":[{"count":37,"href":"https:\/\/www.arquimedesmg.com.br\/novo\/wp-json\/wp\/v2\/pages\/82\/revisions"}],"predecessor-version":[{"id":1318,"href":"https:\/\/www.arquimedesmg.com.br\/novo\/wp-json\/wp\/v2\/pages\/82\/revisions\/1318"}],"wp:attachment":[{"href":"https:\/\/www.arquimedesmg.com.br\/novo\/wp-json\/wp\/v2\/media?parent=82"}],"curies":[{"name":"wp","href":"https:\/\/api.w.org\/{rel}","templated":true}]}}