{"id":90,"date":"2022-08-10T11:48:35","date_gmt":"2022-08-10T14:48:35","guid":{"rendered":"http:\/\/informatizaweb10.com.br\/arquimedesmg\/?page_id=90"},"modified":"2022-09-12T15:42:27","modified_gmt":"2022-09-12T18:42:27","slug":"login-revendedor","status":"publish","type":"page","link":"https:\/\/www.arquimedesmg.com.br\/novo\/login-revendedor\/","title":{"rendered":"Login revendedor"},"content":{"rendered":"\t\t<div data-elementor-type=\"wp-page\" data-elementor-id=\"90\" class=\"elementor elementor-90\">\n\t\t\t\t\t\t<div class=\"elementor-inner\">\n\t\t\t\t<div class=\"elementor-section-wrap\">\n\t\t\t\t\t\t\t\t\t<section class=\"has_ae_slider elementor-section elementor-top-section elementor-element elementor-element-cd03be8 elementor-section-full_width elementor-section-height-default elementor-section-height-default ae-bg-gallery-type-default\" data-id=\"cd03be8\" data-element_type=\"section\">\n\t\t\t\t\t\t<div class=\"elementor-container elementor-column-gap-no\">\n\t\t\t\t\t\t\t<div class=\"elementor-row\">\n\t\t\t\t\t<div class=\"has_ae_slider elementor-column elementor-col-100 elementor-top-column elementor-element elementor-element-f8dde32 ae-bg-gallery-type-default\" data-id=\"f8dde32\" data-element_type=\"column\">\n\t\t\t<div class=\"elementor-column-wrap elementor-element-populated\">\n\t\t\t\t\t\t\t<div class=\"elementor-widget-wrap\">\n\t\t\t\t\t\t<div class=\"elementor-element elementor-element-7a40131 elementor-widget elementor-widget-template\" data-id=\"7a40131\" data-element_type=\"widget\" data-widget_type=\"template.default\">\n\t\t\t\t<div class=\"elementor-widget-container\">\n\t\t\t\t\t<div class=\"elementor-template\">\n\t\t\t\t\t<div data-elementor-type=\"section\" data-elementor-id=\"330\" class=\"elementor elementor-330\">\n\t\t\t\t\t<div class=\"elementor-section-wrap\">\n\t\t\t\t\t\t\t\t<section class=\"has_ae_slider elementor-section elementor-top-section elementor-element elementor-element-74a7c11 elementor-section-full_width elementor-section-content-middle elementor-section-height-default elementor-section-height-default ae-bg-gallery-type-default\" data-dce-background-image-url=\"https:\/\/www.arquimedesmg.com.br\/novo\/wp-content\/uploads\/2022\/08\/topo.jpg\" data-id=\"74a7c11\" data-element_type=\"section\" data-settings=\"{&quot;background_background&quot;:&quot;classic&quot;}\">\n\t\t\t\t\t\t<div class=\"elementor-container elementor-column-gap-default\">\n\t\t\t\t\t\t\t<div class=\"elementor-row\">\n\t\t\t\t\t<div class=\"has_ae_slider elementor-column elementor-col-50 elementor-top-column elementor-element elementor-element-48bd193 ae-bg-gallery-type-default\" data-id=\"48bd193\" data-element_type=\"column\">\n\t\t\t<div class=\"elementor-column-wrap elementor-element-populated\">\n\t\t\t\t\t\t\t<div class=\"elementor-widget-wrap\">\n\t\t\t\t\t\t<div class=\"elementor-element elementor-element-2a3ffab elementor-widget elementor-widget-heading\" data-id=\"2a3ffab\" data-element_type=\"widget\" data-widget_type=\"heading.default\">\n\t\t\t\t<div class=\"elementor-widget-container\">\n\t\t\t<h2 class=\"elementor-heading-title elementor-size-default\">Login revendedor<\/h2>\t\t<\/div>\n\t\t\t\t<\/div>\n\t\t\t\t<div class=\"elementor-element elementor-element-49584ba elementor-widget elementor-widget-breadcrumbs\" data-id=\"49584ba\" data-element_type=\"widget\" data-widget_type=\"breadcrumbs.default\">\n\t\t\t\t<div class=\"elementor-widget-container\">\n\t\t\t<p id=\"breadcrumbs\"><span><span><a href=\"https:\/\/www.arquimedesmg.com.br\/novo\/\">In\u00edcio<\/a><\/span><\/span><\/p>\t\t<\/div>\n\t\t\t\t<\/div>\n\t\t\t\t\t\t<\/div>\n\t\t\t\t\t<\/div>\n\t\t<\/div>\n\t\t\t\t<div class=\"has_ae_slider elementor-column elementor-col-50 elementor-top-column elementor-element elementor-element-bde45c3 ae-bg-gallery-type-default\" data-id=\"bde45c3\" data-element_type=\"column\">\n\t\t\t<div class=\"elementor-column-wrap\">\n\t\t\t\t\t\t\t<div class=\"elementor-widget-wrap\">\n\t\t\t\t\t\t\t\t<\/div>\n\t\t\t\t\t<\/div>\n\t\t<\/div>\n\t\t\t\t\t\t\t\t<\/div>\n\t\t\t\t\t<\/div>\n\t\t<\/section>\n\t\t\t\t\t\t\t<\/div>\n\t\t\t\t<\/div>\n\t\t\t\t<\/div>\n\t\t\t\t<\/div>\n\t\t\t\t<\/div>\n\t\t\t\t\t\t<\/div>\n\t\t\t\t\t<\/div>\n\t\t<\/div>\n\t\t\t\t\t\t\t\t<\/div>\n\t\t\t\t\t<\/div>\n\t\t<\/section>\n\t\t\t\t<section class=\"has_ae_slider elementor-section elementor-top-section elementor-element elementor-element-5fb0dd0 elementor-hidden-desktop elementor-hidden-tablet elementor-hidden-mobile elementor-section-boxed elementor-section-height-default elementor-section-height-default ae-bg-gallery-type-default\" data-id=\"5fb0dd0\" data-element_type=\"section\">\n\t\t\t\t\t\t<div class=\"elementor-container elementor-column-gap-default\">\n\t\t\t\t\t\t\t<div class=\"elementor-row\">\n\t\t\t\t\t<div class=\"has_ae_slider elementor-column elementor-col-100 elementor-top-column elementor-element elementor-element-467a212 ae-bg-gallery-type-default\" data-id=\"467a212\" data-element_type=\"column\">\n\t\t\t<div class=\"elementor-column-wrap elementor-element-populated\">\n\t\t\t\t\t\t\t<div class=\"elementor-widget-wrap\">\n\t\t\t\t\t\t<div class=\"elementor-element elementor-element-284d846 elementor-button-align-start elementor-widget elementor-widget-login\" data-id=\"284d846\" data-element_type=\"widget\" data-widget_type=\"login.default\">\n\t\t\t\t<div class=\"elementor-widget-container\">\n\t\t\t\t\t<form class=\"elementor-login elementor-form\" method=\"post\" action=\"https:\/\/www.arquimedesmg.com.br\/novo\/wp-login.php\">\n\t\t\t<input type=\"hidden\" name=\"redirect_to\" value=\"\/novo\/wp-json\/wp\/v2\/pages\/90\">\n\t\t\t<div class=\"elementor-form-fields-wrapper\">\n\t\t\t\t<div class=\"elementor-field-type-text elementor-field-group elementor-column elementor-col-100 elementor-field-required\">\n\t\t\t\t\t<label for=\"user\">Nome de usu\u00e1rio ou endere\u00e7o de e-mail<\/label>\t\t\t\t\t<input size=\"1\" type=\"text\" name=\"log\" id=\"user\" placeholder=\"\" class=\"elementor-field elementor-field-textual elementor-size-sm\">\n\t\t\t\t<\/div>\n\t\t\t\t<div class=\"elementor-field-type-text elementor-field-group elementor-column elementor-col-100 elementor-field-required\">\n\t\t\t\t\t<label for=\"password\">Senha<\/label>\t\t\t\t\t<input size=\"1\" type=\"password\" name=\"pwd\" id=\"password\" placeholder=\"\" class=\"elementor-field elementor-field-textual elementor-size-sm\">\n\t\t\t\t<\/div>\n\n\t\t\t\t\t\t\t\t\t<div class=\"elementor-field-type-checkbox elementor-field-group elementor-column elementor-col-100 elementor-remember-me\">\n\t\t\t\t\t\t<label for=\"elementor-login-remember-me\">\n\t\t\t\t\t\t\t<input type=\"checkbox\" id=\"elementor-login-remember-me\" name=\"rememberme\" value=\"forever\">\n\t\t\t\t\t\t\tLembrar-me\t\t\t\t\t\t<\/label>\n\t\t\t\t\t<\/div>\n\t\t\t\t\n\t\t\t\t<div class=\"elementor-field-group elementor-column elementor-field-type-submit elementor-col-100\">\n\t\t\t\t\t<button type=\"submit\" class=\"elementor-size-sm elementor-button\" name=\"wp-submit\">\n\t\t\t\t\t\t\t\t\t\t\t\t\t\t\t<span class=\"elementor-button-text\">Acessar<\/span>\n\t\t\t\t\t\t\t\t\t\t\t\t<\/button>\n\t\t\t\t<\/div>\n\n\t\t\t\t\t\t\t\t\t<div class=\"elementor-field-group elementor-column elementor-col-100\">\n\t\t\t\t\t\t\t\t\t\t\t\t\t\t\t\t\t\t\t\t<a class=\"elementor-lost-password\" href=\"https:\/\/www.arquimedesmg.com.br\/novo\/wp-login.php?action=lostpassword&redirect_to=%2Fnovo%2Fwp-json%2Fwp%2Fv2%2Fpages%2F90\">\n\t\t\t\t\t\t\t\tEsqueceu sua senha?\t\t\t\t\t\t\t<\/a>\n\t\t\t\t\t\t\n\t\t\t\t\t\t\t\t\t\t\t<\/div>\n\t\t\t\t\t\t\t<\/div>\n\t\t<\/form>\n\t\t\t\t<\/div>\n\t\t\t\t<\/div>\n\t\t\t\t\t\t<\/div>\n\t\t\t\t\t<\/div>\n\t\t<\/div>\n\t\t\t\t\t\t\t\t<\/div>\n\t\t\t\t\t<\/div>\n\t\t<\/section>\n\t\t\t\t<section class=\"has_ae_slider elementor-section elementor-top-section elementor-element elementor-element-29e6177 elementor-section-boxed elementor-section-height-default elementor-section-height-default ae-bg-gallery-type-default\" data-id=\"29e6177\" data-element_type=\"section\">\n\t\t\t\t\t\t<div class=\"elementor-container elementor-column-gap-default\">\n\t\t\t\t\t\t\t<div class=\"elementor-row\">\n\t\t\t\t\t<div class=\"has_ae_slider elementor-column elementor-col-100 elementor-top-column elementor-element elementor-element-ad12f0d ae-bg-gallery-type-default\" data-id=\"ad12f0d\" data-element_type=\"column\">\n\t\t\t<div class=\"elementor-column-wrap elementor-element-populated\">\n\t\t\t\t\t\t\t<div class=\"elementor-widget-wrap\">\n\t\t\t\t\t\t<div class=\"elementor-element elementor-element-b71e30d elementor-view-framed elementor-shape-circle elementor-mobile-position-top elementor-vertical-align-top elementor-widget elementor-widget-icon-box\" data-id=\"b71e30d\" data-element_type=\"widget\" data-widget_type=\"icon-box.default\">\n\t\t\t\t<div class=\"elementor-widget-container\">\n\t\t\t\t\t<div class=\"elementor-icon-box-wrapper\">\n\t\t\t\t\t\t<div class=\"elementor-icon-box-icon\">\n\t\t\t\t<span class=\"elementor-icon elementor-animation-\" >\n\t\t\t\t<i aria-hidden=\"true\" class=\"fas fa-tools\"><\/i>\t\t\t\t<\/span>\n\t\t\t<\/div>\n\t\t\t\t\t\t<div class=\"elementor-icon-box-content\">\n\t\t\t\t<h3 class=\"elementor-icon-box-title\">\n\t\t\t\t\t<span  >\n\t\t\t\t\t\t\u00c1rea em constru\u00e7\u00e3o\t\t\t\t\t<\/span>\n\t\t\t\t<\/h3>\n\t\t\t\t\t\t\t<\/div>\n\t\t<\/div>\n\t\t\t\t<\/div>\n\t\t\t\t<\/div>\n\t\t\t\t\t\t<\/div>\n\t\t\t\t\t<\/div>\n\t\t<\/div>\n\t\t\t\t\t\t\t\t<\/div>\n\t\t\t\t\t<\/div>\n\t\t<\/section>\n\t\t\t\t\t\t\t\t\t<\/div>\n\t\t\t<\/div>\n\t\t\t\t\t<\/div>\n\t\t","protected":false},"excerpt":{"rendered":"<p>\u00c1rea em constru\u00e7\u00e3o<\/p>\n","protected":false},"author":1,"featured_media":0,"parent":0,"menu_order":0,"comment_status":"closed","ping_status":"closed","template":"","meta":[],"acf":[],"yoast_head":"<!-- This site is optimized with the Yoast SEO plugin v20.5 - https:\/\/yoast.com\/wordpress\/plugins\/seo\/ -->\n<title>Login revendedor - Arquimedes<\/title>\n<meta name=\"robots\" content=\"index, follow, max-snippet:-1, max-image-preview:large, max-video-preview:-1\" \/>\n<link rel=\"canonical\" href=\"https:\/\/www.arquimedesmg.com.br\/novo\/login-revendedor\/\" \/>\n<meta property=\"og:locale\" content=\"pt_BR\" \/>\n<meta property=\"og:type\" content=\"article\" \/>\n<meta property=\"og:title\" content=\"Login revendedor - Arquimedes\" \/>\n<meta property=\"og:description\" content=\"\u00c1rea em constru\u00e7\u00e3o\" \/>\n<meta property=\"og:url\" content=\"https:\/\/www.arquimedesmg.com.br\/novo\/login-revendedor\/\" \/>\n<meta property=\"og:site_name\" content=\"Arquimedes\" \/>\n<meta property=\"article:modified_time\" content=\"2022-09-12T18:42:27+00:00\" \/>\n<meta name=\"twitter:card\" content=\"summary_large_image\" \/>\n<meta name=\"twitter:label1\" content=\"Est. tempo de leitura\" \/>\n\t<meta name=\"twitter:data1\" content=\"1 minuto\" \/>\n<script type=\"application\/ld+json\" class=\"yoast-schema-graph\">{\"@context\":\"https:\/\/schema.org\",\"@graph\":[{\"@type\":\"WebPage\",\"@id\":\"https:\/\/www.arquimedesmg.com.br\/novo\/login-revendedor\/\",\"url\":\"https:\/\/www.arquimedesmg.com.br\/novo\/login-revendedor\/\",\"name\":\"Login revendedor - Arquimedes\",\"isPartOf\":{\"@id\":\"https:\/\/www.arquimedesmg.com.br\/novo\/#website\"},\"datePublished\":\"2022-08-10T14:48:35+00:00\",\"dateModified\":\"2022-09-12T18:42:27+00:00\",\"breadcrumb\":{\"@id\":\"https:\/\/www.arquimedesmg.com.br\/novo\/login-revendedor\/#breadcrumb\"},\"inLanguage\":\"pt-BR\",\"potentialAction\":[{\"@type\":\"ReadAction\",\"target\":[\"https:\/\/www.arquimedesmg.com.br\/novo\/login-revendedor\/\"]}]},{\"@type\":\"BreadcrumbList\",\"@id\":\"https:\/\/www.arquimedesmg.com.br\/novo\/login-revendedor\/#breadcrumb\",\"itemListElement\":[{\"@type\":\"ListItem\",\"position\":1,\"name\":\"In\u00edcio\",\"item\":\"https:\/\/www.arquimedesmg.com.br\/novo\/\"},{\"@type\":\"ListItem\",\"position\":2,\"name\":\"Login revendedor\"}]},{\"@type\":\"WebSite\",\"@id\":\"https:\/\/www.arquimedesmg.com.br\/novo\/#website\",\"url\":\"https:\/\/www.arquimedesmg.com.br\/novo\/\",\"name\":\"Arquimedes\",\"description\":\"Automa\u00e7\u00e3o &amp; Inform\u00e1tica\",\"publisher\":{\"@id\":\"https:\/\/www.arquimedesmg.com.br\/novo\/#organization\"},\"potentialAction\":[{\"@type\":\"SearchAction\",\"target\":{\"@type\":\"EntryPoint\",\"urlTemplate\":\"https:\/\/www.arquimedesmg.com.br\/novo\/?s={search_term_string}\"},\"query-input\":\"required name=search_term_string\"}],\"inLanguage\":\"pt-BR\"},{\"@type\":\"Organization\",\"@id\":\"https:\/\/www.arquimedesmg.com.br\/novo\/#organization\",\"name\":\"Arquimedes MG \u2013 Automa\u00e7\u00e3o e inform\u00e1tica\",\"url\":\"https:\/\/www.arquimedesmg.com.br\/novo\/\",\"logo\":{\"@type\":\"ImageObject\",\"inLanguage\":\"pt-BR\",\"@id\":\"https:\/\/www.arquimedesmg.com.br\/novo\/#\/schema\/logo\/image\/\",\"url\":\"https:\/\/www.arquimedesmg.com.br\/novo\/wp-content\/uploads\/2022\/05\/logo-1.png\",\"contentUrl\":\"https:\/\/www.arquimedesmg.com.br\/novo\/wp-content\/uploads\/2022\/05\/logo-1.png\",\"width\":300,\"height\":329,\"caption\":\"Arquimedes MG \u2013 Automa\u00e7\u00e3o e inform\u00e1tica\"},\"image\":{\"@id\":\"https:\/\/www.arquimedesmg.com.br\/novo\/#\/schema\/logo\/image\/\"}}]}<\/script>\n<!-- \/ Yoast SEO plugin. -->","yoast_head_json":{"title":"Login revendedor - Arquimedes","robots":{"index":"index","follow":"follow","max-snippet":"max-snippet:-1","max-image-preview":"max-image-preview:large","max-video-preview":"max-video-preview:-1"},"canonical":"https:\/\/www.arquimedesmg.com.br\/novo\/login-revendedor\/","og_locale":"pt_BR","og_type":"article","og_title":"Login revendedor - Arquimedes","og_description":"\u00c1rea em constru\u00e7\u00e3o","og_url":"https:\/\/www.arquimedesmg.com.br\/novo\/login-revendedor\/","og_site_name":"Arquimedes","article_modified_time":"2022-09-12T18:42:27+00:00","twitter_card":"summary_large_image","twitter_misc":{"Est. tempo de leitura":"1 minuto"},"schema":{"@context":"https:\/\/schema.org","@graph":[{"@type":"WebPage","@id":"https:\/\/www.arquimedesmg.com.br\/novo\/login-revendedor\/","url":"https:\/\/www.arquimedesmg.com.br\/novo\/login-revendedor\/","name":"Login revendedor - Arquimedes","isPartOf":{"@id":"https:\/\/www.arquimedesmg.com.br\/novo\/#website"},"datePublished":"2022-08-10T14:48:35+00:00","dateModified":"2022-09-12T18:42:27+00:00","breadcrumb":{"@id":"https:\/\/www.arquimedesmg.com.br\/novo\/login-revendedor\/#breadcrumb"},"inLanguage":"pt-BR","potentialAction":[{"@type":"ReadAction","target":["https:\/\/www.arquimedesmg.com.br\/novo\/login-revendedor\/"]}]},{"@type":"BreadcrumbList","@id":"https:\/\/www.arquimedesmg.com.br\/novo\/login-revendedor\/#breadcrumb","itemListElement":[{"@type":"ListItem","position":1,"name":"In\u00edcio","item":"https:\/\/www.arquimedesmg.com.br\/novo\/"},{"@type":"ListItem","position":2,"name":"Login revendedor"}]},{"@type":"WebSite","@id":"https:\/\/www.arquimedesmg.com.br\/novo\/#website","url":"https:\/\/www.arquimedesmg.com.br\/novo\/","name":"Arquimedes","description":"Automa\u00e7\u00e3o &amp; Inform\u00e1tica","publisher":{"@id":"https:\/\/www.arquimedesmg.com.br\/novo\/#organization"},"potentialAction":[{"@type":"SearchAction","target":{"@type":"EntryPoint","urlTemplate":"https:\/\/www.arquimedesmg.com.br\/novo\/?s={search_term_string}"},"query-input":"required name=search_term_string"}],"inLanguage":"pt-BR"},{"@type":"Organization","@id":"https:\/\/www.arquimedesmg.com.br\/novo\/#organization","name":"Arquimedes MG \u2013 Automa\u00e7\u00e3o e inform\u00e1tica","url":"https:\/\/www.arquimedesmg.com.br\/novo\/","logo":{"@type":"ImageObject","inLanguage":"pt-BR","@id":"https:\/\/www.arquimedesmg.com.br\/novo\/#\/schema\/logo\/image\/","url":"https:\/\/www.arquimedesmg.com.br\/novo\/wp-content\/uploads\/2022\/05\/logo-1.png","contentUrl":"https:\/\/www.arquimedesmg.com.br\/novo\/wp-content\/uploads\/2022\/05\/logo-1.png","width":300,"height":329,"caption":"Arquimedes MG \u2013 Automa\u00e7\u00e3o e inform\u00e1tica"},"image":{"@id":"https:\/\/www.arquimedesmg.com.br\/novo\/#\/schema\/logo\/image\/"}}]}},"_links":{"self":[{"href":"https:\/\/www.arquimedesmg.com.br\/novo\/wp-json\/wp\/v2\/pages\/90"}],"collection":[{"href":"https:\/\/www.arquimedesmg.com.br\/novo\/wp-json\/wp\/v2\/pages"}],"about":[{"href":"https:\/\/www.arquimedesmg.com.br\/novo\/wp-json\/wp\/v2\/types\/page"}],"author":[{"embeddable":true,"href":"https:\/\/www.arquimedesmg.com.br\/novo\/wp-json\/wp\/v2\/users\/1"}],"replies":[{"embeddable":true,"href":"https:\/\/www.arquimedesmg.com.br\/novo\/wp-json\/wp\/v2\/comments?post=90"}],"version-history":[{"count":10,"href":"https:\/\/www.arquimedesmg.com.br\/novo\/wp-json\/wp\/v2\/pages\/90\/revisions"}],"predecessor-version":[{"id":1193,"href":"https:\/\/www.arquimedesmg.com.br\/novo\/wp-json\/wp\/v2\/pages\/90\/revisions\/1193"}],"wp:attachment":[{"href":"https:\/\/www.arquimedesmg.com.br\/novo\/wp-json\/wp\/v2\/media?parent=90"}],"curies":[{"name":"wp","href":"https:\/\/api.w.org\/{rel}","templated":true}]}}